{"id":931,"date":"2024-04-16T18:36:41","date_gmt":"2024-04-16T21:36:41","guid":{"rendered":"https:\/\/tera.arq.br\/?page_id=931"},"modified":"2024-05-19T18:01:33","modified_gmt":"2024-05-19T21:01:33","slug":"projetos-arquitetonicos","status":"publish","type":"page","link":"https:\/\/tera.arq.br\/?page_id=931","title":{"rendered":"Projetos arquitet\u00f4nicos\u200b"},"content":{"rendered":"\t\t<div data-elementor-type=\"wp-page\" data-elementor-id=\"931\" class=\"elementor elementor-931\" data-elementor-post-type=\"page\">\n\t\t\t\t\t\t<section class=\"elementor-section elementor-top-section elementor-element elementor-element-69e348d elementor-section-full_width elementor-section-height-min-height elementor-section-height-default elementor-section-items-middle\" data-id=\"69e348d\" data-element_type=\"section\" data-settings=\"{&quot;background_background&quot;:&quot;classic&quot;,&quot;background_motion_fx_motion_fx_scrolling&quot;:&quot;yes&quot;,&quot;background_motion_fx_blur_effect&quot;:&quot;yes&quot;,&quot;background_motion_fx_blur_level&quot;:{&quot;unit&quot;:&quot;px&quot;,&quot;size&quot;:5,&quot;sizes&quot;:[]},&quot;background_motion_fx_blur_range&quot;:{&quot;unit&quot;:&quot;%&quot;,&quot;size&quot;:&quot;&quot;,&quot;sizes&quot;:{&quot;start&quot;:0,&quot;end&quot;:100}},&quot;background_motion_fx_scale_effect&quot;:&quot;yes&quot;,&quot;background_motion_fx_scale_speed&quot;:{&quot;unit&quot;:&quot;px&quot;,&quot;size&quot;:1,&quot;sizes&quot;:[]},&quot;background_motion_fx_scale_range&quot;:{&quot;unit&quot;:&quot;%&quot;,&quot;size&quot;:&quot;&quot;,&quot;sizes&quot;:{&quot;start&quot;:0,&quot;end&quot;:100}},&quot;background_motion_fx_blur_direction&quot;:&quot;out-in&quot;,&quot;background_motion_fx_scale_direction&quot;:&quot;out-in&quot;,&quot;background_motion_fx_devices&quot;:[&quot;desktop&quot;,&quot;tablet&quot;,&quot;mobile&quot;]}\">\n\t\t\t\t\t\t<div class=\"elementor-container elementor-column-gap-default\">\n\t\t\t\t\t<div class=\"elementor-column elementor-col-100 elementor-top-column elementor-element elementor-element-a12f1c2\" data-id=\"a12f1c2\" data-element_type=\"column\">\n\t\t\t<div class=\"elementor-widget-wrap elementor-element-populated\">\n\t\t\t\t\t\t\t<\/div>\n\t\t<\/div>\n\t\t\t\t\t<\/div>\n\t\t<\/section>\n\t\t\t\t<section class=\"elementor-section elementor-top-section elementor-element elementor-element-76dfd69 elementor-section-boxed elementor-section-height-default elementor-section-height-default\" data-id=\"76dfd69\" data-element_type=\"section\">\n\t\t\t\t\t\t<div class=\"elementor-container elementor-column-gap-default\">\n\t\t\t\t\t<div class=\"elementor-column elementor-col-100 elementor-top-column elementor-element elementor-element-1d2224f\" data-id=\"1d2224f\" data-element_type=\"column\">\n\t\t\t<div class=\"elementor-widget-wrap elementor-element-populated\">\n\t\t\t\t\t\t<div class=\"elementor-element elementor-element-30b65ab elementor-widget elementor-widget-heading\" data-id=\"30b65ab\" data-element_type=\"widget\" data-widget_type=\"heading.default\">\n\t\t\t\t<div class=\"elementor-widget-container\">\n\t\t\t\t\t<h1 class=\"elementor-heading-title elementor-size-default\">Projetos Arquitet\u00f4nicos<\/h1>\t\t\t\t<\/div>\n\t\t\t\t<\/div>\n\t\t\t\t\t<\/div>\n\t\t<\/div>\n\t\t\t\t\t<\/div>\n\t\t<\/section>\n\t\t\t\t<section class=\"elementor-section elementor-top-section elementor-element elementor-element-f945d80 elementor-section-height-min-height elementor-section-content-middle elementor-section-boxed elementor-section-height-default elementor-section-items-middle\" data-id=\"f945d80\" data-element_type=\"section\">\n\t\t\t\t\t\t<div class=\"elementor-container elementor-column-gap-default\">\n\t\t\t\t\t<div class=\"elementor-column elementor-col-66 elementor-top-column elementor-element elementor-element-afdff4c\" data-id=\"afdff4c\" data-element_type=\"column\">\n\t\t\t<div class=\"elementor-widget-wrap elementor-element-populated\">\n\t\t\t\t\t\t<div class=\"elementor-element elementor-element-02c868a elementor-widget elementor-widget-image\" data-id=\"02c868a\" data-element_type=\"widget\" data-widget_type=\"image.default\">\n\t\t\t\t<div class=\"elementor-widget-container\">\n\t\t\t\t\t\t\t\t\t\t\t\t\t\t\t<img fetchpriority=\"high\" decoding=\"async\" width=\"800\" height=\"534\" src=\"https:\/\/tera.arq.br\/wp-content\/uploads\/2024\/04\/pexels-jay-york-15764110-1024x683.jpg\" class=\"attachment-large size-large wp-image-878\" alt=\"\" srcset=\"https:\/\/tera.arq.br\/wp-content\/uploads\/2024\/04\/pexels-jay-york-15764110-1024x683.jpg 1024w, https:\/\/tera.arq.br\/wp-content\/uploads\/2024\/04\/pexels-jay-york-15764110-300x200.jpg 300w, https:\/\/tera.arq.br\/wp-content\/uploads\/2024\/04\/pexels-jay-york-15764110-768x512.jpg 768w, https:\/\/tera.arq.br\/wp-content\/uploads\/2024\/04\/pexels-jay-york-15764110-1536x1024.jpg 1536w, https:\/\/tera.arq.br\/wp-content\/uploads\/2024\/04\/pexels-jay-york-15764110-2048x1365.jpg 2048w\" sizes=\"(max-width: 800px) 100vw, 800px\" \/>\t\t\t\t\t\t\t\t\t\t\t\t\t\t\t<\/div>\n\t\t\t\t<\/div>\n\t\t\t\t\t<\/div>\n\t\t<\/div>\n\t\t\t\t<div class=\"elementor-column elementor-col-33 elementor-top-column elementor-element elementor-element-b3f1fc3\" data-id=\"b3f1fc3\" data-element_type=\"column\">\n\t\t\t<div class=\"elementor-widget-wrap elementor-element-populated\">\n\t\t\t\t\t\t<div class=\"elementor-element elementor-element-add6149 elementor-widget elementor-widget-heading\" data-id=\"add6149\" data-element_type=\"widget\" data-widget_type=\"heading.default\">\n\t\t\t\t<div class=\"elementor-widget-container\">\n\t\t\t\t\t<h2 class=\"elementor-heading-title elementor-size-default\"><span style=\"color: var( --e-global-color-primary );font-family: var( --e-global-typography-primary-font-family ), Sans-serif;font-size: 2rem;font-weight: var( --e-global-typography-primary-font-weight )\">Estudo de Viabilidade<\/span><\/h2>\t\t\t\t<\/div>\n\t\t\t\t<\/div>\n\t\t\t\t<div class=\"elementor-element elementor-element-2185e32 elementor-widget elementor-widget-text-editor\" data-id=\"2185e32\" data-element_type=\"widget\" data-widget_type=\"text-editor.default\">\n\t\t\t\t<div class=\"elementor-widget-container\">\n\t\t\t\t\t\t\t\t\t<p>O estudo de viabilidade desempenha um papel crucial no processo de desenvolvimento de projetos arquitet\u00f4nicos, pois avalia a viabilidade econ\u00f4mica, t\u00e9cnica e legal de uma proposta antes mesmo de sua implementa\u00e7\u00e3o.<\/p><p>Essa an\u00e1lise minuciosa permite identificar potenciais desafios e oportunidades desde as primeiras etapas do projeto, garantindo que as decis\u00f5es sejam fundamentadas em dados s\u00f3lidos e realistas.\u00a0<\/p><p>Al\u00e9m de evitar surpresas desagrad\u00e1veis durante a execu\u00e7\u00e3o, o estudo de viabilidade ajuda a otimizar recursos financeiros, materiais e o tempo, maximizando o sucesso do empreendimento.\u00a0<\/p><p>Ao considerar aspectos como custos, regulamenta\u00e7\u00f5es locais, impacto ambiental e demanda de mercado, esse processo contribui para a concep\u00e7\u00e3o de projetos sustent\u00e1veis, eficientes e adaptados \u00e0s necessidades e expectativas dos usu\u00e1rios.\u00a0<\/p>\t\t\t\t\t\t\t\t<\/div>\n\t\t\t\t<\/div>\n\t\t\t\t\t<\/div>\n\t\t<\/div>\n\t\t\t\t\t<\/div>\n\t\t<\/section>\n\t\t\t\t<section class=\"elementor-section elementor-top-section elementor-element elementor-element-ee336e9 elementor-section-height-min-height elementor-section-content-middle elementor-section-boxed elementor-section-height-default elementor-section-items-middle\" data-id=\"ee336e9\" data-element_type=\"section\">\n\t\t\t\t\t\t<div class=\"elementor-container elementor-column-gap-default\">\n\t\t\t\t\t<div class=\"elementor-column elementor-col-33 elementor-top-column elementor-element elementor-element-ff72d5f\" data-id=\"ff72d5f\" data-element_type=\"column\">\n\t\t\t<div class=\"elementor-widget-wrap elementor-element-populated\">\n\t\t\t\t\t\t<div class=\"elementor-element elementor-element-74d09f4 elementor-widget elementor-widget-heading\" data-id=\"74d09f4\" data-element_type=\"widget\" data-widget_type=\"heading.default\">\n\t\t\t\t<div class=\"elementor-widget-container\">\n\t\t\t\t\t<h2 class=\"elementor-heading-title elementor-size-default\">Projeto Arquitet\u00f4nico<\/h2>\t\t\t\t<\/div>\n\t\t\t\t<\/div>\n\t\t\t\t<div class=\"elementor-element elementor-element-a80b179 elementor-widget elementor-widget-text-editor\" data-id=\"a80b179\" data-element_type=\"widget\" data-widget_type=\"text-editor.default\">\n\t\t\t\t<div class=\"elementor-widget-container\">\n\t\t\t\t\t\t\t\t\t<p>O projeto arquitet\u00f4nico \u00e9 muito mais do que simplesmente desenhar um edif\u00edcio; \u00e9 um plano detalhado que visa otimizar recursos e garantir o sucesso da constru\u00e7\u00e3o.\u00a0<\/p><p>Para os clientes, isso se traduz em economia financeira significativa, j\u00e1 que um projeto bem elaborado reduz desperd\u00edcios de materiais, evita retrabalhos e minimiza custos imprevistos durante a obra.\u00a0<\/p><p>Al\u00e9m disso, um projeto bem pensado pode prever e resolver antecipadamente problemas que poderiam surgir durante a constru\u00e7\u00e3o, evitando dores de cabe\u00e7a e atrasos desnecess\u00e1rios.\u00a0<\/p><p>Ao investir em um projeto arquitet\u00f4nico de qualidade, os clientes n\u00e3o apenas economizam dinheiro, mas tamb\u00e9m garantem uma constru\u00e7\u00e3o mais eficiente, segura e dur\u00e1vel, proporcionando tranquilidade e satisfa\u00e7\u00e3o ao longo de todo o processo.<\/p>\t\t\t\t\t\t\t\t<\/div>\n\t\t\t\t<\/div>\n\t\t\t\t\t<\/div>\n\t\t<\/div>\n\t\t\t\t<div class=\"elementor-column elementor-col-66 elementor-top-column elementor-element elementor-element-9d248be\" data-id=\"9d248be\" data-element_type=\"column\">\n\t\t\t<div class=\"elementor-widget-wrap elementor-element-populated\">\n\t\t\t\t\t\t<div class=\"elementor-element elementor-element-99aff7d elementor-widget elementor-widget-image\" data-id=\"99aff7d\" data-element_type=\"widget\" data-widget_type=\"image.default\">\n\t\t\t\t<div class=\"elementor-widget-container\">\n\t\t\t\t\t\t\t\t\t\t\t\t\t\t\t<img decoding=\"async\" width=\"800\" height=\"530\" src=\"https:\/\/tera.arq.br\/wp-content\/uploads\/2024\/04\/pexels-pixabay-271667-1024x678.jpg\" class=\"attachment-large size-large wp-image-877\" alt=\"\" srcset=\"https:\/\/tera.arq.br\/wp-content\/uploads\/2024\/04\/pexels-pixabay-271667-1024x678.jpg 1024w, https:\/\/tera.arq.br\/wp-content\/uploads\/2024\/04\/pexels-pixabay-271667-300x199.jpg 300w, https:\/\/tera.arq.br\/wp-content\/uploads\/2024\/04\/pexels-pixabay-271667-768x509.jpg 768w, https:\/\/tera.arq.br\/wp-content\/uploads\/2024\/04\/pexels-pixabay-271667-1536x1017.jpg 1536w, https:\/\/tera.arq.br\/wp-content\/uploads\/2024\/04\/pexels-pixabay-271667-2048x1356.jpg 2048w\" sizes=\"(max-width: 800px) 100vw, 800px\" \/>\t\t\t\t\t\t\t\t\t\t\t\t\t\t\t<\/div>\n\t\t\t\t<\/div>\n\t\t\t\t\t<\/div>\n\t\t<\/div>\n\t\t\t\t\t<\/div>\n\t\t<\/section>\n\t\t\t\t<section class=\"elementor-section elementor-top-section elementor-element elementor-element-7f3e09b elementor-section-height-min-height elementor-section-content-middle elementor-section-boxed elementor-section-height-default elementor-section-items-middle\" data-id=\"7f3e09b\" data-element_type=\"section\">\n\t\t\t\t\t\t<div class=\"elementor-container elementor-column-gap-default\">\n\t\t\t\t\t<div class=\"elementor-column elementor-col-66 elementor-top-column elementor-element elementor-element-380a874\" data-id=\"380a874\" data-element_type=\"column\">\n\t\t\t<div class=\"elementor-widget-wrap elementor-element-populated\">\n\t\t\t\t\t\t<div class=\"elementor-element elementor-element-31fae2e elementor-widget elementor-widget-image\" data-id=\"31fae2e\" data-element_type=\"widget\" data-widget_type=\"image.default\">\n\t\t\t\t<div class=\"elementor-widget-container\">\n\t\t\t\t\t\t\t\t\t\t\t\t\t\t\t<img decoding=\"async\" width=\"800\" height=\"545\" src=\"https:\/\/tera.arq.br\/wp-content\/uploads\/2024\/05\/Imagem-do-WhatsApp-de-2024-04-23-as-11.38.20_0fb19067-e1715797328183-1024x698.jpg\" class=\"attachment-large size-large wp-image-1595\" alt=\"\" srcset=\"https:\/\/tera.arq.br\/wp-content\/uploads\/2024\/05\/Imagem-do-WhatsApp-de-2024-04-23-as-11.38.20_0fb19067-e1715797328183-1024x698.jpg 1024w, https:\/\/tera.arq.br\/wp-content\/uploads\/2024\/05\/Imagem-do-WhatsApp-de-2024-04-23-as-11.38.20_0fb19067-e1715797328183-300x205.jpg 300w, https:\/\/tera.arq.br\/wp-content\/uploads\/2024\/05\/Imagem-do-WhatsApp-de-2024-04-23-as-11.38.20_0fb19067-e1715797328183-768x524.jpg 768w, https:\/\/tera.arq.br\/wp-content\/uploads\/2024\/05\/Imagem-do-WhatsApp-de-2024-04-23-as-11.38.20_0fb19067-e1715797328183.jpg 1200w\" sizes=\"(max-width: 800px) 100vw, 800px\" \/>\t\t\t\t\t\t\t\t\t\t\t\t\t\t\t<\/div>\n\t\t\t\t<\/div>\n\t\t\t\t\t<\/div>\n\t\t<\/div>\n\t\t\t\t<div class=\"elementor-column elementor-col-33 elementor-top-column elementor-element elementor-element-9483f73\" data-id=\"9483f73\" data-element_type=\"column\">\n\t\t\t<div class=\"elementor-widget-wrap elementor-element-populated\">\n\t\t\t\t\t\t<div class=\"elementor-element elementor-element-5ed433f elementor-widget elementor-widget-heading\" data-id=\"5ed433f\" data-element_type=\"widget\" data-widget_type=\"heading.default\">\n\t\t\t\t<div class=\"elementor-widget-container\">\n\t\t\t\t\t<h2 class=\"elementor-heading-title elementor-size-default\"><span style=\"color: var( --e-global-color-primary );font-family: var( --e-global-typography-primary-font-family ), Sans-serif;font-size: 2rem;font-weight: var( --e-global-typography-primary-font-weight )\">Acompanhamento de Obra<\/span><\/h2>\t\t\t\t<\/div>\n\t\t\t\t<\/div>\n\t\t\t\t<div class=\"elementor-element elementor-element-5a82392 elementor-widget elementor-widget-text-editor\" data-id=\"5a82392\" data-element_type=\"widget\" data-widget_type=\"text-editor.default\">\n\t\t\t\t<div class=\"elementor-widget-container\">\n\t\t\t\t\t\t\t\t\t<p>Ter um arquiteto acompanhando de perto a obra \u00e9 fundamental para garantir um processo de constru\u00e7\u00e3o mais tranquilo e eficiente para voc\u00ea, o cliente. Al\u00e9m de trazer expertise t\u00e9cnica e criativa, o arquiteto \u00e9 capaz de resolver problemas que possam surgir durante a execu\u00e7\u00e3o, evitando atrasos e desperd\u00edcios de recursos.\u00a0<\/p><p>Sua presen\u00e7a no local de obra permite uma supervis\u00e3o constante, assegurando que o projeto seja executado conforme planejado e projetado, atendendo aos padr\u00f5es de qualidade estabelecidos.<\/p><p>Em caso de imprevistos, sua capacidade de tomar decis\u00f5es r\u00e1pidas e encontrar solu\u00e7\u00f5es criativas no momento certo \u00e9 inestim\u00e1vel, garantindo que a obra prossiga sem grandes interrup\u00e7\u00f5es ou contratempos. ter um profissional acompanhando a obra \u00e9 um investimento que proporciona tranquilidade, economia e um resultado final de qualidade superior.<\/p><div>\u00a0<\/div>\t\t\t\t\t\t\t\t<\/div>\n\t\t\t\t<\/div>\n\t\t\t\t\t<\/div>\n\t\t<\/div>\n\t\t\t\t\t<\/div>\n\t\t<\/section>\n\t\t\t\t<\/div>\n\t\t","protected":false},"excerpt":{"rendered":"<p>Projetos Arquitet\u00f4nicos Estudo de Viabilidade O estudo de viabilidade desempenha um papel crucial no processo de desenvolvimento de projetos arquitet\u00f4nicos, pois avalia a viabilidade econ\u00f4mica, t\u00e9cnica e legal de uma proposta antes mesmo de sua implementa\u00e7\u00e3o. Essa an\u00e1lise minuciosa permite identificar potenciais desafios e oportunidades desde as primeiras etapas do projeto, garantindo que as decis\u00f5es [&hellip;]<\/p>\n","protected":false},"author":3,"featured_media":877,"parent":0,"menu_order":0,"comment_status":"closed","ping_status":"closed","template":"","meta":{"_monsterinsights_skip_tracking":false,"_monsterinsights_sitenote_active":false,"_monsterinsights_sitenote_note":"","_monsterinsights_sitenote_category":0,"footnotes":""},"class_list":["post-931","page","type-page","status-publish","has-post-thumbnail","hentry"],"_links":{"self":[{"href":"https:\/\/tera.arq.br\/index.php?rest_route=\/wp\/v2\/pages\/931","targetHints":{"allow":["GET"]}}],"collection":[{"href":"https:\/\/tera.arq.br\/index.php?rest_route=\/wp\/v2\/pages"}],"about":[{"href":"https:\/\/tera.arq.br\/index.php?rest_route=\/wp\/v2\/types\/page"}],"author":[{"embeddable":true,"href":"https:\/\/tera.arq.br\/index.php?rest_route=\/wp\/v2\/users\/3"}],"replies":[{"embeddable":true,"href":"https:\/\/tera.arq.br\/index.php?rest_route=%2Fwp%2Fv2%2Fcomments&post=931"}],"version-history":[{"count":43,"href":"https:\/\/tera.arq.br\/index.php?rest_route=\/wp\/v2\/pages\/931\/revisions"}],"predecessor-version":[{"id":1682,"href":"https:\/\/tera.arq.br\/index.php?rest_route=\/wp\/v2\/pages\/931\/revisions\/1682"}],"wp:featuredmedia":[{"embeddable":true,"href":"https:\/\/tera.arq.br\/index.php?rest_route=\/wp\/v2\/media\/877"}],"wp:attachment":[{"href":"https:\/\/tera.arq.br\/index.php?rest_route=%2Fwp%2Fv2%2Fmedia&parent=931"}],"curies":[{"name":"wp","href":"https:\/\/api.w.org\/{rel}","templated":true}]}}