{"id":883,"date":"2024-04-16T16:42:57","date_gmt":"2024-04-16T19:42:57","guid":{"rendered":"https:\/\/tera.arq.br\/?page_id=883"},"modified":"2025-11-12T03:01:56","modified_gmt":"2025-11-12T06:01:56","slug":"representacoes-graficas","status":"publish","type":"page","link":"https:\/\/tera.arq.br\/?page_id=883","title":{"rendered":"Representa\u00e7\u00f5es gr\u00e1ficas"},"content":{"rendered":"\t\t<div data-elementor-type=\"wp-page\" data-elementor-id=\"883\" class=\"elementor elementor-883\" data-elementor-post-type=\"page\">\n\t\t\t\t\t\t<section class=\"elementor-section elementor-top-section elementor-element elementor-element-9d93aec elementor-section-full_width elementor-section-height-min-height elementor-section-height-default elementor-section-items-middle\" data-id=\"9d93aec\" data-element_type=\"section\" data-settings=\"{&quot;background_background&quot;:&quot;classic&quot;,&quot;background_motion_fx_motion_fx_scrolling&quot;:&quot;yes&quot;,&quot;background_motion_fx_scale_effect&quot;:&quot;yes&quot;,&quot;background_motion_fx_scale_speed&quot;:{&quot;unit&quot;:&quot;px&quot;,&quot;size&quot;:1,&quot;sizes&quot;:[]},&quot;background_motion_fx_scale_range&quot;:{&quot;unit&quot;:&quot;%&quot;,&quot;size&quot;:&quot;&quot;,&quot;sizes&quot;:{&quot;start&quot;:0,&quot;end&quot;:100}},&quot;background_motion_fx_scale_direction&quot;:&quot;out-in&quot;,&quot;background_motion_fx_devices&quot;:[&quot;desktop&quot;,&quot;tablet&quot;,&quot;mobile&quot;]}\">\n\t\t\t\t\t\t<div class=\"elementor-container elementor-column-gap-default\">\n\t\t\t\t\t<div class=\"elementor-column elementor-col-100 elementor-top-column elementor-element elementor-element-16a7292\" data-id=\"16a7292\" data-element_type=\"column\">\n\t\t\t<div class=\"elementor-widget-wrap\">\n\t\t\t\t\t\t\t<\/div>\n\t\t<\/div>\n\t\t\t\t\t<\/div>\n\t\t<\/section>\n\t\t\t\t<section class=\"elementor-section elementor-top-section elementor-element elementor-element-7c75c1a elementor-section-boxed elementor-section-height-default elementor-section-height-default\" data-id=\"7c75c1a\" data-element_type=\"section\">\n\t\t\t\t\t\t<div class=\"elementor-container elementor-column-gap-default\">\n\t\t\t\t\t<div class=\"elementor-column elementor-col-100 elementor-top-column elementor-element elementor-element-d66ad48\" data-id=\"d66ad48\" data-element_type=\"column\">\n\t\t\t<div class=\"elementor-widget-wrap elementor-element-populated\">\n\t\t\t\t\t\t<div class=\"elementor-element elementor-element-e91b42d elementor-widget elementor-widget-heading\" data-id=\"e91b42d\" data-element_type=\"widget\" data-widget_type=\"heading.default\">\n\t\t\t\t<div class=\"elementor-widget-container\">\n\t\t\t\t\t<h1 class=\"elementor-heading-title elementor-size-default\">Representa\u00e7\u00f5es gr\u00e1ficas <\/h1>\t\t\t\t<\/div>\n\t\t\t\t<\/div>\n\t\t\t\t\t<\/div>\n\t\t<\/div>\n\t\t\t\t\t<\/div>\n\t\t<\/section>\n\t\t\t\t<section class=\"elementor-section elementor-top-section elementor-element elementor-element-035564e elementor-section-boxed elementor-section-height-default elementor-section-height-default\" data-id=\"035564e\" data-element_type=\"section\">\n\t\t\t\t\t\t<div class=\"elementor-container elementor-column-gap-default\">\n\t\t\t\t\t<div class=\"elementor-column elementor-col-33 elementor-top-column elementor-element elementor-element-0a62e2e\" data-id=\"0a62e2e\" data-element_type=\"column\">\n\t\t\t<div class=\"elementor-widget-wrap elementor-element-populated\">\n\t\t\t\t\t\t<div class=\"elementor-element elementor-element-275bfd9 elementor-widget elementor-widget-heading\" data-id=\"275bfd9\" data-element_type=\"widget\" data-widget_type=\"heading.default\">\n\t\t\t\t<div class=\"elementor-widget-container\">\n\t\t\t\t\t<h2 class=\"elementor-heading-title elementor-size-default\">Imagens de Venda<\/h2>\t\t\t\t<\/div>\n\t\t\t\t<\/div>\n\t\t\t\t<div class=\"elementor-element elementor-element-cc2e9f5 elementor-widget elementor-widget-text-editor\" data-id=\"cc2e9f5\" data-element_type=\"widget\" data-widget_type=\"text-editor.default\">\n\t\t\t\t<div class=\"elementor-widget-container\">\n\t\t\t\t\t\t\t\t\t<p dir=\"ltr\" style=\"line-height: 1.38; background-color: #ffffff; margin-top: 0pt; margin-bottom: 0pt; padding: 0pt 0pt 11pt 0pt;\"><span style=\"font-size: 12pt; font-family: Roboto,sans-serif; color: #000000; background-color: transparent; font-weight: 400; font-style: normal; font-variant: normal; text-decoration: none; vertical-align: baseline; white-space: pre-wrap;\">J\u00e1 imaginou ser capaz de vender a ideia do seu projeto antes mesmo de iniciar a obra? Para isso voc\u00ea precisa que o seu p\u00fablico alvo seja capaz de sentir a sua ideia, ver o que ser\u00e1 constru\u00eddo, sonhar junto com voc\u00ea.\u00a0<\/span><\/p><p dir=\"ltr\" style=\"line-height: 1.38; background-color: #ffffff; margin-top: 0pt; margin-bottom: 0pt; padding: 0pt 0pt 11pt 0pt;\"><span style=\"font-size: 12pt; font-family: Roboto,sans-serif; color: #000000; background-color: transparent; font-weight: 400; font-style: normal; font-variant: normal; text-decoration: none; vertical-align: baseline; white-space: pre-wrap;\">Para isso \u00e9 necess\u00e1rio uma representa\u00e7\u00e3o que proporcione uma vis\u00e3o realista do projeto, permitindo que os clientes compreendam melhor o seu conceito e est\u00e9tica.<\/span><\/p><p dir=\"ltr\" style=\"line-height: 1.38; background-color: #ffffff; margin-top: 0pt; margin-bottom: 0pt; padding: 0pt 0pt 11pt 0pt;\"><span style=\"font-size: 12pt; font-family: Roboto,sans-serif; color: #000000; background-color: transparent; font-weight: 400; font-style: normal; font-variant: normal; text-decoration: none; vertical-align: baseline; white-space: pre-wrap;\">As imagens de venda s\u00e3o ferramentas poderosas que transformam ideias abstratas em realidade tang\u00edvel, facilitando a comunica\u00e7\u00e3o e impulsionando<\/span> <span style=\"font-size: 12pt; font-family: Roboto,sans-serif; color: #000000; background-color: transparent; font-weight: 400; font-style: normal; font-variant: normal; text-decoration: none; vertical-align: baseline; white-space: pre-wrap;\">o sucesso de projetos arquitet\u00f4nicos, bem como a venda posterior.\u00a0 <\/span><span style=\"background-color: transparent; font-size: 12pt; white-space-collapse: preserve;\"> Al\u00e9m disso, possibilitam a visualiza\u00e7\u00e3o dos espa\u00e7os internos e externos, ajudando na tomada de decis\u00e3o e no engajamento emocional com o projeto.<\/span><\/p>\t\t\t\t\t\t\t\t<\/div>\n\t\t\t\t<\/div>\n\t\t\t\t\t<\/div>\n\t\t<\/div>\n\t\t\t\t<div class=\"elementor-column elementor-col-66 elementor-top-column elementor-element elementor-element-49e2a15\" data-id=\"49e2a15\" data-element_type=\"column\">\n\t\t\t<div class=\"elementor-widget-wrap elementor-element-populated\">\n\t\t\t\t\t\t<div class=\"elementor-element elementor-element-316c0b7 elementor-widget elementor-widget-image\" data-id=\"316c0b7\" data-element_type=\"widget\" data-widget_type=\"image.default\">\n\t\t\t\t<div class=\"elementor-widget-container\">\n\t\t\t\t\t\t\t\t\t\t\t\t\t\t\t<img fetchpriority=\"high\" decoding=\"async\" width=\"800\" height=\"450\" src=\"https:\/\/tera.arq.br\/wp-content\/uploads\/2024\/05\/01_Photo20-202-enhanced-1024x576.png\" class=\"attachment-large size-large wp-image-1551\" alt=\"\" srcset=\"https:\/\/tera.arq.br\/wp-content\/uploads\/2024\/05\/01_Photo20-202-enhanced-1024x576.png 1024w, https:\/\/tera.arq.br\/wp-content\/uploads\/2024\/05\/01_Photo20-202-enhanced-300x169.png 300w, https:\/\/tera.arq.br\/wp-content\/uploads\/2024\/05\/01_Photo20-202-enhanced-768x432.png 768w, https:\/\/tera.arq.br\/wp-content\/uploads\/2024\/05\/01_Photo20-202-enhanced-1536x864.png 1536w, https:\/\/tera.arq.br\/wp-content\/uploads\/2024\/05\/01_Photo20-202-enhanced.png 2048w\" sizes=\"(max-width: 800px) 100vw, 800px\" \/>\t\t\t\t\t\t\t\t\t\t\t\t\t\t\t<\/div>\n\t\t\t\t<\/div>\n\t\t\t\t\t<\/div>\n\t\t<\/div>\n\t\t\t\t\t<\/div>\n\t\t<\/section>\n\t\t\t\t<section class=\"elementor-section elementor-top-section elementor-element elementor-element-c606636 elementor-section-content-middle elementor-section-boxed elementor-section-height-default elementor-section-height-default\" data-id=\"c606636\" data-element_type=\"section\">\n\t\t\t\t\t\t<div class=\"elementor-container elementor-column-gap-default\">\n\t\t\t\t\t<div class=\"elementor-column elementor-col-66 elementor-top-column elementor-element elementor-element-9a7e707\" data-id=\"9a7e707\" data-element_type=\"column\">\n\t\t\t<div class=\"elementor-widget-wrap elementor-element-populated\">\n\t\t\t\t\t\t<div class=\"elementor-element elementor-element-2938299 elementor-widget elementor-widget-image\" data-id=\"2938299\" data-element_type=\"widget\" data-widget_type=\"image.default\">\n\t\t\t\t<div class=\"elementor-widget-container\">\n\t\t\t\t\t\t\t\t\t\t\t\t\t\t\t<img decoding=\"async\" width=\"800\" height=\"450\" src=\"https:\/\/tera.arq.br\/wp-content\/uploads\/2024\/05\/homepage_5-1024x576.jpg\" class=\"attachment-large size-large wp-image-1386\" alt=\"\" srcset=\"https:\/\/tera.arq.br\/wp-content\/uploads\/2024\/05\/homepage_5-1024x576.jpg 1024w, https:\/\/tera.arq.br\/wp-content\/uploads\/2024\/05\/homepage_5-300x169.jpg 300w, https:\/\/tera.arq.br\/wp-content\/uploads\/2024\/05\/homepage_5-768x432.jpg 768w, https:\/\/tera.arq.br\/wp-content\/uploads\/2024\/05\/homepage_5-1536x864.jpg 1536w, https:\/\/tera.arq.br\/wp-content\/uploads\/2024\/05\/homepage_5.jpg 1920w\" sizes=\"(max-width: 800px) 100vw, 800px\" \/>\t\t\t\t\t\t\t\t\t\t\t\t\t\t\t<\/div>\n\t\t\t\t<\/div>\n\t\t\t\t\t<\/div>\n\t\t<\/div>\n\t\t\t\t<div class=\"elementor-column elementor-col-33 elementor-top-column elementor-element elementor-element-5f1330d\" data-id=\"5f1330d\" data-element_type=\"column\">\n\t\t\t<div class=\"elementor-widget-wrap elementor-element-populated\">\n\t\t\t\t\t\t<div class=\"elementor-element elementor-element-f61a781 elementor-widget elementor-widget-heading\" data-id=\"f61a781\" data-element_type=\"widget\" data-widget_type=\"heading.default\">\n\t\t\t\t<div class=\"elementor-widget-container\">\n\t\t\t\t\t<h2 class=\"elementor-heading-title elementor-size-default\">Renders Esquem\u00e1ticos\u200b<\/h2>\t\t\t\t<\/div>\n\t\t\t\t<\/div>\n\t\t\t\t<div class=\"elementor-element elementor-element-79a6e5f elementor-widget elementor-widget-text-editor\" data-id=\"79a6e5f\" data-element_type=\"widget\" data-widget_type=\"text-editor.default\">\n\t\t\t\t<div class=\"elementor-widget-container\">\n\t\t\t\t\t\t\t\t\t<p>O render esquem\u00e1tico desempenha um papel crucial na arquitetura e na constru\u00e7\u00e3o civil, oferecendo uma representa\u00e7\u00e3o visual simplificada e acess\u00edvel dos projetos.\u00a0<\/p><p>Essas imagens permitem que tanto os clientes quanto os profissionais da \u00e1rea compreendam facilmente as caracter\u00edsticas espaciais e o layout geral de uma constru\u00e7\u00e3o antes que se iniciem as obras.\u00a0<\/p><p>Ao apresentar uma vis\u00e3o clara e concisa do projeto, o render esquem\u00e1tico facilita a identifica\u00e7\u00e3o de poss\u00edveis problemas de design e a tomada de decis\u00f5es durante as fases iniciais do desenvolvimento.\u00a0<\/p><p>Em suma, o render esquem\u00e1tico \u00e9 uma ferramenta indispens\u00e1vel que simplifica a comunica\u00e7\u00e3o e promove uma compreens\u00e3o mais profunda dos espa\u00e7os arquitet\u00f4nicos, contribuindo significativamente para o sucesso e a efici\u00eancia dos projetos na \u00e1rea da constru\u00e7\u00e3o.<\/p><div>\u00a0<\/div>\t\t\t\t\t\t\t\t<\/div>\n\t\t\t\t<\/div>\n\t\t\t\t\t<\/div>\n\t\t<\/div>\n\t\t\t\t\t<\/div>\n\t\t<\/section>\n\t\t\t\t<section class=\"elementor-section elementor-top-section elementor-element elementor-element-78297bc elementor-section-content-middle elementor-section-boxed elementor-section-height-default elementor-section-height-default\" data-id=\"78297bc\" data-element_type=\"section\">\n\t\t\t\t\t\t<div class=\"elementor-container elementor-column-gap-default\">\n\t\t\t\t\t<div class=\"elementor-column elementor-col-50 elementor-top-column elementor-element elementor-element-4668817\" data-id=\"4668817\" data-element_type=\"column\">\n\t\t\t<div class=\"elementor-widget-wrap elementor-element-populated\">\n\t\t\t\t\t\t<div class=\"elementor-element elementor-element-dad395c elementor-widget elementor-widget-heading\" data-id=\"dad395c\" data-element_type=\"widget\" data-widget_type=\"heading.default\">\n\t\t\t\t<div class=\"elementor-widget-container\">\n\t\t\t\t\t<h2 class=\"elementor-heading-title elementor-size-default\">Render 360\u00b0 <\/h2>\t\t\t\t<\/div>\n\t\t\t\t<\/div>\n\t\t\t\t<div class=\"elementor-element elementor-element-c39ee2b elementor-widget elementor-widget-text-editor\" data-id=\"c39ee2b\" data-element_type=\"widget\" data-widget_type=\"text-editor.default\">\n\t\t\t\t<div class=\"elementor-widget-container\">\n\t\t\t\t\t\t\t\t\t<p>O render 360 na arquitetura oferece uma experi\u00eancia imersiva e cativante, permitindo que os espectadores se envolvam completamente com o projeto desenvolvido. Essa tecnologia revolucion\u00e1ria proporciona uma vis\u00e3o panor\u00e2mica em todas as dire\u00e7\u00f5es, permitindo que as pessoas explorem virtualmente cada detalhe do ambiente arquitet\u00f4nico.<\/p><p>Ao inv\u00e9s de simplesmente observar uma imagem est\u00e1tica, os espectadores s\u00e3o convidados a contemplar o espa\u00e7o de todos os \u00e2ngulos, mergulhando na atmosfera e na est\u00e9tica do projeto.\u00a0<\/p><p>Essa imers\u00e3o possibilita uma compreens\u00e3o mais profunda e intuitiva do design, facilitando a tomada de decis\u00f5es e aumentando o engajamento emocional dos envolvidos, visto que o cliente pode literalmente se ver inserido naquele ambiente.\u00a0<\/p><p>Com o render 360, a arquitetura transcende a mera visualiza\u00e7\u00e3o e se torna uma experi\u00eancia interativa e envolvente, transformando a forma como os projetos s\u00e3o concebidos, comunicados e apreciados.<\/p>\t\t\t\t\t\t\t\t<\/div>\n\t\t\t\t<\/div>\n\t\t\t\t\t<\/div>\n\t\t<\/div>\n\t\t\t\t<div class=\"elementor-column elementor-col-50 elementor-top-column elementor-element elementor-element-f3c617d\" data-id=\"f3c617d\" data-element_type=\"column\">\n\t\t\t<div class=\"elementor-widget-wrap elementor-element-populated\">\n\t\t\t\t\t\t<div class=\"elementor-element elementor-element-679dbb0 elementor-widget__width-initial elementor-widget elementor-widget-html\" data-id=\"679dbb0\" data-element_type=\"widget\" data-widget_type=\"html.default\">\n\t\t\t\t<div class=\"elementor-widget-container\">\n\t\t\t\t\t<iframe id=\"evrFrame\" width=\"100%\" style=\"width: 100%; height: 500px; border: none; max-width: 100%;\"  allowvr=\"yes\" allow=\"xr-spatial-tracking;vr;gyroscope;accelerometer;fullscreen;\" scrolling=\"no\" allowfullscreen=\"true\"  frameborder=\"0\" src=https:\/\/webobook.com\/public\/642763ed1076220e1a6241d2,en?ap=false&si=true&sm=false&sp=true&sfr=false&sl=false&sop=false&\" ><\/iframe>\t\t\t\t<\/div>\n\t\t\t\t<\/div>\n\t\t\t\t\t<\/div>\n\t\t<\/div>\n\t\t\t\t\t<\/div>\n\t\t<\/section>\n\t\t\t\t<section class=\"elementor-section elementor-top-section elementor-element elementor-element-239d6fc elementor-reverse-mobile elementor-section-boxed elementor-section-height-default elementor-section-height-default\" data-id=\"239d6fc\" data-element_type=\"section\">\n\t\t\t\t\t\t<div class=\"elementor-container elementor-column-gap-default\">\n\t\t\t\t\t<div class=\"elementor-column elementor-col-50 elementor-top-column elementor-element elementor-element-477de84\" data-id=\"477de84\" data-element_type=\"column\">\n\t\t\t<div class=\"elementor-widget-wrap elementor-element-populated\">\n\t\t\t\t\t\t<div class=\"elementor-element elementor-element-87930a3 elementor-widget__width-initial elementor-widget elementor-widget-html\" data-id=\"87930a3\" data-element_type=\"widget\" data-widget_type=\"html.default\">\n\t\t\t\t<div class=\"elementor-widget-container\">\n\t\t\t\t\t<iframe id=\"evrFrame\" width=\"100%\" style=\"width: 100%; height: 500px; border: none; max-width: 100%;\"  allowvr=\"yes\" allow=\"xr-spatial-tracking;vr;gyroscope;accelerometer;fullscreen;\" scrolling=\"no\" allowfullscreen=\"true\"  frameborder=\"0\" src=\"https:\/\/tours.tera.arq.br\/tour\/68d70f6eb957dc757492a603\" ><\/iframe>\t\t\t\t<\/div>\n\t\t\t\t<\/div>\n\t\t\t\t\t<\/div>\n\t\t<\/div>\n\t\t\t\t<div class=\"elementor-column elementor-col-50 elementor-top-column elementor-element elementor-element-f2f0481\" data-id=\"f2f0481\" data-element_type=\"column\">\n\t\t\t<div class=\"elementor-widget-wrap elementor-element-populated\">\n\t\t\t\t\t\t<div class=\"elementor-element elementor-element-3e762a7 elementor-widget elementor-widget-heading\" data-id=\"3e762a7\" data-element_type=\"widget\" data-widget_type=\"heading.default\">\n\t\t\t\t<div class=\"elementor-widget-container\">\n\t\t\t\t\t<h2 class=\"elementor-heading-title elementor-size-default\">Tours 360<\/h2>\t\t\t\t<\/div>\n\t\t\t\t<\/div>\n\t\t\t\t<div class=\"elementor-element elementor-element-7863136 elementor-widget__width-initial elementor-widget elementor-widget-text-editor\" data-id=\"7863136\" data-element_type=\"widget\" data-widget_type=\"text-editor.default\">\n\t\t\t\t<div class=\"elementor-widget-container\">\n\t\t\t\t\t\t\t\t\t<p>Al\u00e9m de renders 360 podemos tamb\u00e9m fotografar locais que j\u00e1 foram constru\u00eddos, entre em contato conosco para&nbsp; agendar uma visita.&nbsp;<\/p>\n<p>Construa o seu pr\u00f3prio tour virtual seja para ajudar a divulgar um apartamento ou casa para venda ou para visitar museus, restaurantes tem\u00e1ticos, parques e muito mais.<\/p><p>Podemos fazer integra\u00e7\u00f5es com o seu website e pain\u00e9is touchscreen.<\/p>\t\t\t\t\t\t\t\t<\/div>\n\t\t\t\t<\/div>\n\t\t\t\t\t<\/div>\n\t\t<\/div>\n\t\t\t\t\t<\/div>\n\t\t<\/section>\n\t\t\t\t<section class=\"elementor-section elementor-top-section elementor-element elementor-element-4ce61fb elementor-section-full_width elementor-section-height-min-height elementor-section-height-default elementor-section-items-middle\" data-id=\"4ce61fb\" data-element_type=\"section\">\n\t\t\t\t\t\t<div class=\"elementor-container elementor-column-gap-default\">\n\t\t\t\t\t<div class=\"elementor-column elementor-col-100 elementor-top-column elementor-element elementor-element-450977f\" data-id=\"450977f\" data-element_type=\"column\">\n\t\t\t<div class=\"elementor-widget-wrap\">\n\t\t\t\t\t\t\t<\/div>\n\t\t<\/div>\n\t\t\t\t\t<\/div>\n\t\t<\/section>\n\t\t\t\t<\/div>\n\t\t","protected":false},"excerpt":{"rendered":"<p>Representa\u00e7\u00f5es gr\u00e1ficas Imagens de Venda J\u00e1 imaginou ser capaz de vender a ideia do seu projeto antes mesmo de iniciar a obra? Para isso voc\u00ea precisa que o seu p\u00fablico alvo seja capaz de sentir a sua ideia, ver o que ser\u00e1 constru\u00eddo, sonhar junto com voc\u00ea.\u00a0 Para isso \u00e9 necess\u00e1rio uma representa\u00e7\u00e3o que proporcione [&hellip;]<\/p>\n","protected":false},"author":3,"featured_media":889,"parent":0,"menu_order":0,"comment_status":"closed","ping_status":"closed","template":"","meta":{"_monsterinsights_skip_tracking":false,"_monsterinsights_sitenote_active":false,"_monsterinsights_sitenote_note":"","_monsterinsights_sitenote_category":0,"footnotes":""},"class_list":["post-883","page","type-page","status-publish","has-post-thumbnail","hentry"],"_links":{"self":[{"href":"https:\/\/tera.arq.br\/index.php?rest_route=\/wp\/v2\/pages\/883","targetHints":{"allow":["GET"]}}],"collection":[{"href":"https:\/\/tera.arq.br\/index.php?rest_route=\/wp\/v2\/pages"}],"about":[{"href":"https:\/\/tera.arq.br\/index.php?rest_route=\/wp\/v2\/types\/page"}],"author":[{"embeddable":true,"href":"https:\/\/tera.arq.br\/index.php?rest_route=\/wp\/v2\/users\/3"}],"replies":[{"embeddable":true,"href":"https:\/\/tera.arq.br\/index.php?rest_route=%2Fwp%2Fv2%2Fcomments&post=883"}],"version-history":[{"count":72,"href":"https:\/\/tera.arq.br\/index.php?rest_route=\/wp\/v2\/pages\/883\/revisions"}],"predecessor-version":[{"id":1996,"href":"https:\/\/tera.arq.br\/index.php?rest_route=\/wp\/v2\/pages\/883\/revisions\/1996"}],"wp:featuredmedia":[{"embeddable":true,"href":"https:\/\/tera.arq.br\/index.php?rest_route=\/wp\/v2\/media\/889"}],"wp:attachment":[{"href":"https:\/\/tera.arq.br\/index.php?rest_route=%2Fwp%2Fv2%2Fmedia&parent=883"}],"curies":[{"name":"wp","href":"https:\/\/api.w.org\/{rel}","templated":true}]}}