{"id":1091,"date":"2024-04-24T03:56:20","date_gmt":"2024-04-24T06:56:20","guid":{"rendered":"https:\/\/tera.arq.br\/?page_id=1091"},"modified":"2024-05-19T18:22:25","modified_gmt":"2024-05-19T21:22:25","slug":"regularizacao-de-imoveis","status":"publish","type":"page","link":"https:\/\/tera.arq.br\/?page_id=1091","title":{"rendered":"Regulariza\u00e7\u00e3o de im\u00f3veis"},"content":{"rendered":"\t\t<div data-elementor-type=\"wp-page\" data-elementor-id=\"1091\" class=\"elementor elementor-1091\" data-elementor-post-type=\"page\">\n\t\t\t\t\t\t<section class=\"elementor-section elementor-top-section elementor-element elementor-element-15cf3dd elementor-section-full_width elementor-section-height-min-height elementor-section-height-default elementor-section-items-middle\" data-id=\"15cf3dd\" data-element_type=\"section\" data-settings=\"{&quot;background_background&quot;:&quot;classic&quot;,&quot;background_motion_fx_motion_fx_scrolling&quot;:&quot;yes&quot;,&quot;background_motion_fx_scale_effect&quot;:&quot;yes&quot;,&quot;background_motion_fx_scale_speed&quot;:{&quot;unit&quot;:&quot;px&quot;,&quot;size&quot;:1,&quot;sizes&quot;:[]},&quot;background_motion_fx_scale_range&quot;:{&quot;unit&quot;:&quot;%&quot;,&quot;size&quot;:&quot;&quot;,&quot;sizes&quot;:{&quot;start&quot;:0,&quot;end&quot;:100}},&quot;background_motion_fx_scale_direction&quot;:&quot;out-in&quot;,&quot;background_motion_fx_devices&quot;:[&quot;desktop&quot;,&quot;tablet&quot;,&quot;mobile&quot;]}\">\n\t\t\t\t\t\t<div class=\"elementor-container elementor-column-gap-default\">\n\t\t\t\t\t<div class=\"elementor-column elementor-col-100 elementor-top-column elementor-element elementor-element-51908b9\" data-id=\"51908b9\" data-element_type=\"column\">\n\t\t\t<div class=\"elementor-widget-wrap elementor-element-populated\">\n\t\t\t\t\t\t\t<\/div>\n\t\t<\/div>\n\t\t\t\t\t<\/div>\n\t\t<\/section>\n\t\t\t\t<section class=\"elementor-section elementor-top-section elementor-element elementor-element-d5b4b93 elementor-section-boxed elementor-section-height-default elementor-section-height-default\" data-id=\"d5b4b93\" data-element_type=\"section\">\n\t\t\t\t\t\t<div class=\"elementor-container elementor-column-gap-default\">\n\t\t\t\t\t<div class=\"elementor-column elementor-col-100 elementor-top-column elementor-element elementor-element-0800fb9\" data-id=\"0800fb9\" data-element_type=\"column\">\n\t\t\t<div class=\"elementor-widget-wrap elementor-element-populated\">\n\t\t\t\t\t\t<div class=\"elementor-element elementor-element-444f0c0 elementor-widget elementor-widget-heading\" data-id=\"444f0c0\" data-element_type=\"widget\" data-widget_type=\"heading.default\">\n\t\t\t\t<div class=\"elementor-widget-container\">\n\t\t\t\t\t<h1 class=\"elementor-heading-title elementor-size-default\">Regulariza\u00e7\u00e3o de Im\u00f3veis<\/h1>\t\t\t\t<\/div>\n\t\t\t\t<\/div>\n\t\t\t\t\t<\/div>\n\t\t<\/div>\n\t\t\t\t\t<\/div>\n\t\t<\/section>\n\t\t\t\t<section class=\"elementor-section elementor-top-section elementor-element elementor-element-674ab477 elementor-section-boxed elementor-section-height-default elementor-section-height-default\" data-id=\"674ab477\" data-element_type=\"section\">\n\t\t\t\t\t\t<div class=\"elementor-container elementor-column-gap-default\">\n\t\t\t\t\t<div class=\"elementor-column elementor-col-50 elementor-top-column elementor-element elementor-element-698dc1f6\" data-id=\"698dc1f6\" data-element_type=\"column\">\n\t\t\t<div class=\"elementor-widget-wrap elementor-element-populated\">\n\t\t\t\t\t\t<div class=\"elementor-element elementor-element-72637814 elementor-widget elementor-widget-heading\" data-id=\"72637814\" data-element_type=\"widget\" data-widget_type=\"heading.default\">\n\t\t\t\t<div class=\"elementor-widget-container\">\n\t\t\t\t\t<h2 class=\"elementor-heading-title elementor-size-default\">An\u00e1lise de Documenta\u00e7\u00e3o<\/h2>\t\t\t\t<\/div>\n\t\t\t\t<\/div>\n\t\t\t\t<div class=\"elementor-element elementor-element-5281a3e4 elementor-widget elementor-widget-text-editor\" data-id=\"5281a3e4\" data-element_type=\"widget\" data-widget_type=\"text-editor.default\">\n\t\t\t\t<div class=\"elementor-widget-container\">\n\t\t\t\t\t\t\t\t\t<p>A an\u00e1lise de documenta\u00e7\u00e3o feita por um profissional da \u00e1rea no processo de regulariza\u00e7\u00e3o de im\u00f3veis \u00e9 um passo essencial para garantir a legalidade e conformidade da propriedade.\u00a0<\/p><p>Essa etapa envolve a verifica\u00e7\u00e3o minuciosa de documentos como plantas, escrituras, licen\u00e7as e alvar\u00e1s, a fim de identificar poss\u00edveis irregularidades ou pend\u00eancias que precisam ser resolvidas.\u00a0<\/p><p>Ao realizar essa an\u00e1lise de forma criteriosa, o arquiteto assegura que o im\u00f3vel esteja de acordo com as normas e regulamentos estabelecidos pelos \u00f3rg\u00e3os competentes, evitando problemas legais no futuro.\u00a0<\/p><p>Al\u00e9m disso, essa pr\u00e1tica contribui para a seguran\u00e7a jur\u00eddica do propriet\u00e1rio, que ter\u00e1 a certeza de que seu im\u00f3vel est\u00e1 devidamente regularizado e em conformidade com a legisla\u00e7\u00e3o vigente.\u00a0<\/p>\t\t\t\t\t\t\t\t<\/div>\n\t\t\t\t<\/div>\n\t\t\t\t\t<\/div>\n\t\t<\/div>\n\t\t\t\t<div class=\"elementor-column elementor-col-50 elementor-top-column elementor-element elementor-element-66ab8ce7\" data-id=\"66ab8ce7\" data-element_type=\"column\">\n\t\t\t<div class=\"elementor-widget-wrap elementor-element-populated\">\n\t\t\t\t\t\t<div class=\"elementor-element elementor-element-2ef0fa41 elementor-widget elementor-widget-image\" data-id=\"2ef0fa41\" data-element_type=\"widget\" data-widget_type=\"image.default\">\n\t\t\t\t<div class=\"elementor-widget-container\">\n\t\t\t\t\t\t\t\t\t\t\t\t\t\t\t<img fetchpriority=\"high\" decoding=\"async\" width=\"800\" height=\"530\" src=\"https:\/\/tera.arq.br\/wp-content\/uploads\/2024\/05\/writing-architecture-newspaper-architect-paper-brand-1110341-pxhere.com_-1024x678.jpg\" class=\"attachment-large size-large wp-image-1605\" alt=\"\" srcset=\"https:\/\/tera.arq.br\/wp-content\/uploads\/2024\/05\/writing-architecture-newspaper-architect-paper-brand-1110341-pxhere.com_-1024x678.jpg 1024w, https:\/\/tera.arq.br\/wp-content\/uploads\/2024\/05\/writing-architecture-newspaper-architect-paper-brand-1110341-pxhere.com_-300x199.jpg 300w, https:\/\/tera.arq.br\/wp-content\/uploads\/2024\/05\/writing-architecture-newspaper-architect-paper-brand-1110341-pxhere.com_-768x509.jpg 768w, https:\/\/tera.arq.br\/wp-content\/uploads\/2024\/05\/writing-architecture-newspaper-architect-paper-brand-1110341-pxhere.com_-1536x1017.jpg 1536w, https:\/\/tera.arq.br\/wp-content\/uploads\/2024\/05\/writing-architecture-newspaper-architect-paper-brand-1110341-pxhere.com_-2048x1356.jpg 2048w\" sizes=\"(max-width: 800px) 100vw, 800px\" \/>\t\t\t\t\t\t\t\t\t\t\t\t\t\t\t<\/div>\n\t\t\t\t<\/div>\n\t\t\t\t\t<\/div>\n\t\t<\/div>\n\t\t\t\t\t<\/div>\n\t\t<\/section>\n\t\t\t\t<section class=\"elementor-section elementor-top-section elementor-element elementor-element-2c62eb2 elementor-section-boxed elementor-section-height-default elementor-section-height-default\" data-id=\"2c62eb2\" data-element_type=\"section\">\n\t\t\t\t\t\t<div class=\"elementor-container elementor-column-gap-default\">\n\t\t\t\t\t<div class=\"elementor-column elementor-col-50 elementor-top-column elementor-element elementor-element-1bb9c41\" data-id=\"1bb9c41\" data-element_type=\"column\">\n\t\t\t<div class=\"elementor-widget-wrap elementor-element-populated\">\n\t\t\t\t\t\t<div class=\"elementor-element elementor-element-7383d5f elementor-widget elementor-widget-image\" data-id=\"7383d5f\" data-element_type=\"widget\" data-widget_type=\"image.default\">\n\t\t\t\t<div class=\"elementor-widget-container\">\n\t\t\t\t\t\t\t\t\t\t\t\t\t\t\t<img decoding=\"async\" width=\"800\" height=\"534\" src=\"https:\/\/tera.arq.br\/wp-content\/uploads\/2024\/05\/work-man-person-people-white-floor-874653-pxhere.com_-1024x683.jpg\" class=\"attachment-large size-large wp-image-1606\" alt=\"\" srcset=\"https:\/\/tera.arq.br\/wp-content\/uploads\/2024\/05\/work-man-person-people-white-floor-874653-pxhere.com_-1024x683.jpg 1024w, https:\/\/tera.arq.br\/wp-content\/uploads\/2024\/05\/work-man-person-people-white-floor-874653-pxhere.com_-300x200.jpg 300w, https:\/\/tera.arq.br\/wp-content\/uploads\/2024\/05\/work-man-person-people-white-floor-874653-pxhere.com_-768x512.jpg 768w, https:\/\/tera.arq.br\/wp-content\/uploads\/2024\/05\/work-man-person-people-white-floor-874653-pxhere.com_-1536x1024.jpg 1536w, https:\/\/tera.arq.br\/wp-content\/uploads\/2024\/05\/work-man-person-people-white-floor-874653-pxhere.com_-2048x1365.jpg 2048w\" sizes=\"(max-width: 800px) 100vw, 800px\" \/>\t\t\t\t\t\t\t\t\t\t\t\t\t\t\t<\/div>\n\t\t\t\t<\/div>\n\t\t\t\t\t<\/div>\n\t\t<\/div>\n\t\t\t\t<div class=\"elementor-column elementor-col-50 elementor-top-column elementor-element elementor-element-79e67a2\" data-id=\"79e67a2\" data-element_type=\"column\">\n\t\t\t<div class=\"elementor-widget-wrap elementor-element-populated\">\n\t\t\t\t\t\t<div class=\"elementor-element elementor-element-98b80b5 elementor-widget elementor-widget-heading\" data-id=\"98b80b5\" data-element_type=\"widget\" data-widget_type=\"heading.default\">\n\t\t\t\t<div class=\"elementor-widget-container\">\n\t\t\t\t\t<h2 class=\"elementor-heading-title elementor-size-default\">Vistoria T\u00e9cnica<\/h2>\t\t\t\t<\/div>\n\t\t\t\t<\/div>\n\t\t\t\t<div class=\"elementor-element elementor-element-f4e8f8e elementor-widget elementor-widget-text-editor\" data-id=\"f4e8f8e\" data-element_type=\"widget\" data-widget_type=\"text-editor.default\">\n\t\t\t\t<div class=\"elementor-widget-container\">\n\t\t\t\t\t\t\t\t\t<p>A vistoria t\u00e9cnica realizada pelo arquiteto no processo de regulariza\u00e7\u00e3o de im\u00f3veis desempenha um papel crucial na garantia da seguran\u00e7a e conformidade do espa\u00e7o.\u00a0<span style=\"color: var( --e-global-color-text ); font-family: var( --e-global-typography-text-font-family ), Sans-serif; font-weight: var( --e-global-typography-text-font-weight ); font-size: 1rem;\">Essa etapa envolve uma inspe\u00e7\u00e3o detalhada do im\u00f3vel, onde o arquiteto verifica se as caracter\u00edsticas f\u00edsicas e estruturais est\u00e3o em conformidade com as normas e regulamentos estabelecidos.\u00a0<\/span><\/p><p>Uma an\u00e1lise minuciosa permite identificar poss\u00edveis problemas de seguran\u00e7a, infra\u00e7\u00f5es urban\u00edsticas ou irregularidades que precisam ser corrigidas para que o im\u00f3vel esteja de acordo com a legisla\u00e7\u00e3o vigente.\u00a0<\/p><p>Al\u00e9m disso, a vistoria t\u00e9cnica proporciona aos propriet\u00e1rios a tranquilidade de saber que seu im\u00f3vel \u00e9 seguro e legalmente regularizado, prevenindo futuros problemas legais ou de seguran\u00e7a.\u00a0<\/p>\t\t\t\t\t\t\t\t<\/div>\n\t\t\t\t<\/div>\n\t\t\t\t\t<\/div>\n\t\t<\/div>\n\t\t\t\t\t<\/div>\n\t\t<\/section>\n\t\t\t\t<section class=\"elementor-section elementor-top-section elementor-element elementor-element-f543d65 elementor-section-boxed elementor-section-height-default elementor-section-height-default\" data-id=\"f543d65\" data-element_type=\"section\">\n\t\t\t\t\t\t<div class=\"elementor-container elementor-column-gap-default\">\n\t\t\t\t\t<div class=\"elementor-column elementor-col-50 elementor-top-column elementor-element elementor-element-8e7669c\" data-id=\"8e7669c\" data-element_type=\"column\">\n\t\t\t<div class=\"elementor-widget-wrap elementor-element-populated\">\n\t\t\t\t\t\t<div class=\"elementor-element elementor-element-fae1f90 elementor-widget elementor-widget-heading\" data-id=\"fae1f90\" data-element_type=\"widget\" data-widget_type=\"heading.default\">\n\t\t\t\t<div class=\"elementor-widget-container\">\n\t\t\t\t\t<h2 class=\"elementor-heading-title elementor-size-default\">Aprova\u00e7\u00e3o nos \u00d3rg\u00e3os Competentes<\/h2>\t\t\t\t<\/div>\n\t\t\t\t<\/div>\n\t\t\t\t<div class=\"elementor-element elementor-element-2d2f64b elementor-widget elementor-widget-text-editor\" data-id=\"2d2f64b\" data-element_type=\"widget\" data-widget_type=\"text-editor.default\">\n\t\t\t\t<div class=\"elementor-widget-container\">\n\t\t\t\t\t\t\t\t\t<p>A aprova\u00e7\u00e3o pelos \u00f3rg\u00e3os competentes, conduzida por uma equipe formada por arquitetos e juristas durante todo o processo de regulariza\u00e7\u00e3o de im\u00f3veis, \u00e9 pe\u00e7a chave para assegurar a legalidade e conformidade da propriedade.&nbsp;<\/p>\n<p>Essa etapa envolve submeter o projeto ou a documenta\u00e7\u00e3o necess\u00e1ria aos \u00f3rg\u00e3os reguladores, sendo a etapa mais burocr\u00e1tica do empreendimento, especialmente se n\u00e3o for realizados por algu\u00e9m que domine o passo a passo.&nbsp;<\/p>\n<p>Ao obter a aprova\u00e7\u00e3o dos \u00f3rg\u00e3os competentes, o arquiteto garante n\u00e3o apenas a legalidade do im\u00f3vel, mas tamb\u00e9m a seguran\u00e7a e qualidade da constru\u00e7\u00e3o, proporcionando tranquilidade e seguran\u00e7a aos propriet\u00e1rios.&nbsp;<\/p>\n<p>Outro ponto muito importante a ser observado \u00e9 a venda futura do im\u00f3vel. Considerando que atualmente a moeda de troca mais comum \u00e9 o financiamento banc\u00e1rio, um im\u00f3vel que n\u00e3o esteja totalmente regularizado n\u00e3o se torna competitivo no mercado, limitando suas possibilidades de venda.&nbsp;<\/p>\t\t\t\t\t\t\t\t<\/div>\n\t\t\t\t<\/div>\n\t\t\t\t\t<\/div>\n\t\t<\/div>\n\t\t\t\t<div class=\"elementor-column elementor-col-50 elementor-top-column elementor-element elementor-element-bd7378d\" data-id=\"bd7378d\" data-element_type=\"column\">\n\t\t\t<div class=\"elementor-widget-wrap elementor-element-populated\">\n\t\t\t\t\t\t<div class=\"elementor-element elementor-element-807fe22 elementor-widget elementor-widget-image\" data-id=\"807fe22\" data-element_type=\"widget\" data-widget_type=\"image.default\">\n\t\t\t\t<div class=\"elementor-widget-container\">\n\t\t\t\t\t\t\t\t\t\t\t\t\t\t\t<img decoding=\"async\" width=\"800\" height=\"534\" src=\"https:\/\/tera.arq.br\/wp-content\/uploads\/2024\/05\/writing-hand-pattern-paper-brand-art-603024-pxhere.com_-1024x683.jpg\" class=\"attachment-large size-large wp-image-1607\" alt=\"\" srcset=\"https:\/\/tera.arq.br\/wp-content\/uploads\/2024\/05\/writing-hand-pattern-paper-brand-art-603024-pxhere.com_-1024x683.jpg 1024w, https:\/\/tera.arq.br\/wp-content\/uploads\/2024\/05\/writing-hand-pattern-paper-brand-art-603024-pxhere.com_-300x200.jpg 300w, https:\/\/tera.arq.br\/wp-content\/uploads\/2024\/05\/writing-hand-pattern-paper-brand-art-603024-pxhere.com_-768x512.jpg 768w, https:\/\/tera.arq.br\/wp-content\/uploads\/2024\/05\/writing-hand-pattern-paper-brand-art-603024-pxhere.com_-1536x1024.jpg 1536w, https:\/\/tera.arq.br\/wp-content\/uploads\/2024\/05\/writing-hand-pattern-paper-brand-art-603024-pxhere.com_-2048x1366.jpg 2048w\" sizes=\"(max-width: 800px) 100vw, 800px\" \/>\t\t\t\t\t\t\t\t\t\t\t\t\t\t\t<\/div>\n\t\t\t\t<\/div>\n\t\t\t\t\t<\/div>\n\t\t<\/div>\n\t\t\t\t\t<\/div>\n\t\t<\/section>\n\t\t\t\t<\/div>\n\t\t","protected":false},"excerpt":{"rendered":"<p>Regulariza\u00e7\u00e3o de Im\u00f3veis An\u00e1lise de Documenta\u00e7\u00e3o A an\u00e1lise de documenta\u00e7\u00e3o feita por um profissional da \u00e1rea no processo de regulariza\u00e7\u00e3o de im\u00f3veis \u00e9 um passo essencial para garantir a legalidade e conformidade da propriedade.\u00a0 Essa etapa envolve a verifica\u00e7\u00e3o minuciosa de documentos como plantas, escrituras, licen\u00e7as e alvar\u00e1s, a fim de identificar poss\u00edveis irregularidades ou [&hellip;]<\/p>\n","protected":false},"author":3,"featured_media":0,"parent":0,"menu_order":0,"comment_status":"closed","ping_status":"closed","template":"","meta":{"_monsterinsights_skip_tracking":false,"_monsterinsights_sitenote_active":false,"_monsterinsights_sitenote_note":"","_monsterinsights_sitenote_category":0,"footnotes":""},"class_list":["post-1091","page","type-page","status-publish","hentry"],"_links":{"self":[{"href":"https:\/\/tera.arq.br\/index.php?rest_route=\/wp\/v2\/pages\/1091","targetHints":{"allow":["GET"]}}],"collection":[{"href":"https:\/\/tera.arq.br\/index.php?rest_route=\/wp\/v2\/pages"}],"about":[{"href":"https:\/\/tera.arq.br\/index.php?rest_route=\/wp\/v2\/types\/page"}],"author":[{"embeddable":true,"href":"https:\/\/tera.arq.br\/index.php?rest_route=\/wp\/v2\/users\/3"}],"replies":[{"embeddable":true,"href":"https:\/\/tera.arq.br\/index.php?rest_route=%2Fwp%2Fv2%2Fcomments&post=1091"}],"version-history":[{"count":38,"href":"https:\/\/tera.arq.br\/index.php?rest_route=\/wp\/v2\/pages\/1091\/revisions"}],"predecessor-version":[{"id":1689,"href":"https:\/\/tera.arq.br\/index.php?rest_route=\/wp\/v2\/pages\/1091\/revisions\/1689"}],"wp:attachment":[{"href":"https:\/\/tera.arq.br\/index.php?rest_route=%2Fwp%2Fv2%2Fmedia&parent=1091"}],"curies":[{"name":"wp","href":"https:\/\/api.w.org\/{rel}","templated":true}]}}